



{"id":458,"date":"2022-10-10T07:09:36","date_gmt":"2022-10-10T07:09:36","guid":{"rendered":"https:\/\/serveitecnicoficial.es\/home\/"},"modified":"2025-10-03T13:25:36","modified_gmt":"2025-10-03T13:25:36","slug":"home","status":"publish","type":"page","link":"https:\/\/serveitecnicoficial.es\/ca\/","title":{"rendered":"Home"},"content":{"rendered":"\n<div class=\"wp-block-group hero is-layout-flow wp-block-group-is-layout-flow\">\n<div class=\"wp-block-group padding is-content-justification-space-between is-nowrap is-layout-flex wp-container-core-group-is-layout-0dfbf163 wp-block-group-is-layout-flex\">\n<figure class=\"wp-block-image size-medium\"><img loading=\"lazy\" decoding=\"async\" width=\"300\" height=\"48\" src=\"https:\/\/serveitecnicoficial.es\/wp-content\/uploads\/2022\/10\/Default-Logo-300x48.png\" alt=\"\" class=\"wp-image-164\" srcset=\"https:\/\/serveitecnicoficial.es\/wp-content\/uploads\/2022\/10\/Default-Logo-300x48.png 300w, https:\/\/serveitecnicoficial.es\/wp-content\/uploads\/2022\/10\/Default-Logo.png 600w\" sizes=\"auto, (max-width: 300px) 100vw, 300px\" \/><\/figure>\n\n\n\n<h1 class=\"wp-block-heading has-black-color has-text-color\">Servei t\u00e8cnic<\/h1>\n<\/div>\n\n\n\n<div class=\"wp-block-cover is-light\" style=\"min-height:350px;aspect-ratio:unset;\"><img loading=\"lazy\" decoding=\"async\" width=\"1500\" height=\"1200\" class=\"wp-block-cover__image-background wp-image-643\" alt=\"Aire Acondicionado\" src=\"https:\/\/serveitecnicoficial.es\/wp-content\/uploads\/2023\/06\/Aire-Acondicionado.jpg\" data-object-fit=\"cover\" srcset=\"https:\/\/serveitecnicoficial.es\/wp-content\/uploads\/2023\/06\/Aire-Acondicionado.jpg 1500w, https:\/\/serveitecnicoficial.es\/wp-content\/uploads\/2023\/06\/Aire-Acondicionado-300x240.jpg 300w, https:\/\/serveitecnicoficial.es\/wp-content\/uploads\/2023\/06\/Aire-Acondicionado-1024x819.jpg 1024w, https:\/\/serveitecnicoficial.es\/wp-content\/uploads\/2023\/06\/Aire-Acondicionado-768x614.jpg 768w\" sizes=\"auto, (max-width: 1500px) 100vw, 1500px\" \/><span aria-hidden=\"true\" class=\"wp-block-cover__background has-background-dim\"><\/span><div class=\"wp-block-cover__inner-container is-layout-flow wp-block-cover-is-layout-flow\">\n<div class=\"wp-block-group padding is-content-justification-center is-nowrap is-layout-flex wp-container-core-group-is-layout-94bc23d7 wp-block-group-is-layout-flex\">\n<div class=\"wp-block-group is-content-justification-center is-nowrap is-layout-flex wp-container-core-group-is-layout-94bc23d7 wp-block-group-is-layout-flex\">\n<i class=\"fa-solid fa-truck-front\"><\/i>\n\n\n\n<h4 class=\"wp-block-heading has-black-color has-text-color\">Despla\u00e7ament gratu\u00eft si realitza la reparaci\u00f3 <\/h4>\n<\/div>\n\n\n\n<div class=\"wp-block-group is-content-justification-center is-nowrap is-layout-flex wp-container-core-group-is-layout-94bc23d7 wp-block-group-is-layout-flex\">\n<i class=\"fa-solid fa-clock\"><\/i>\n\n\n\n<h4 class=\"wp-block-heading has-black-color has-text-color\">Reparaci\u00f3 sempre sota garantia escrita<\/h4>\n<\/div>\n\n\n\n<div class=\"wp-block-group is-content-justification-center is-nowrap is-layout-flex wp-container-core-group-is-layout-94bc23d7 wp-block-group-is-layout-flex\">\n<i class=\"fa-solid fa-clock-rotate-left\"><\/i>\n\n\n\n<h4 class=\"wp-block-heading has-black-color has-text-color\">Reparaci\u00f3 el mateix dia sense cost addicional<\/h4>\n<\/div>\n\n\n\n<div class=\"wp-block-group is-content-justification-center is-nowrap is-layout-flex wp-container-core-group-is-layout-94bc23d7 wp-block-group-is-layout-flex\">\n<i class=\"fa-solid fa-screwdriver-wrench\"><\/i>\n\n\n\n<h4 class=\"wp-block-heading has-black-color has-text-color\">Cita immediata amb el t\u00e8cnic<\/h4>\n<\/div>\n<\/div>\n<\/div><\/div>\n\n\n\n<div class=\"wp-block-group has-white-color has-orange-background-color has-text-color has-background is-layout-flow wp-block-group-is-layout-flow\">\n<h2 class=\"wp-block-heading has-text-align-center\">PIDA CITA INMEDIATA <a href=\"tel:682863245\">6<\/a>03 623 762<\/h2>\n<\/div>\n<\/div>\n\n<div class=\"appliance-pictures\">\n                    <div class=\"appliance-pictures__single\">\n                    <a href=\"\/ca\/wp-json\/wp\/v2\/pages\/458servicio\/airecondicionat\">\n                        <img decoding=\"async\" src=\"https:\/\/serveitecnicoficial.es\/wp-content\/uploads\/2022\/10\/Aire-Acondicionado.png\" alt=\"Aire condicionat\">\n                    <\/a>\n                    <p>Aire condicionat<\/p> \n                <\/div>\n                    <div class=\"appliance-pictures__single\">\n                    <a href=\"\/ca\/wp-json\/wp\/v2\/pages\/458servicio\/airecondicionatindustrial\">\n                        <img decoding=\"async\" src=\"https:\/\/serveitecnicoficial.es\/wp-content\/uploads\/2023\/06\/Industrial.png\" alt=\"Aire condicionat - Industrial\">\n                    <\/a>\n                    <p>Aire condicionat &#8211; Industrial<\/p> \n                <\/div>\n                    <div class=\"appliance-pictures__single\">\n                    <a href=\"\/ca\/wp-json\/wp\/v2\/pages\/458servicio\/escalfadors\">\n                        <img decoding=\"async\" src=\"https:\/\/serveitecnicoficial.es\/wp-content\/uploads\/2022\/10\/Calefactor.png\" alt=\"Escalfadors - Calderes i termos\">\n                    <\/a>\n                    <p>Escalfadors &#8211; Calderes i termos<\/p> \n                <\/div>\n    \n<\/div>\n\n<h2 class=\"wp-block-heading has-text-align-center\"><strong>Servei d&#8217;Assist\u00e8ncia T\u00e8cnica<\/strong><\/h2>\n\n<p class=\"has-text-align-center\">SAT Servei t\u00e8cnic a Barcelona.<\/p>\n\n<p class=\"has-text-align-center\">T\u00e9cnicos cualificados y especialistas.<br\/>Satisfacci\u00f3n garantizada con el mejor servicio al cliente. Truqui ara, parli amb un t\u00e8cnic i demani cita.<\/p>\n\n<div class=\"wp-block-columns columns-block is-layout-flex wp-container-core-columns-is-layout-9d6595d7 wp-block-columns-is-layout-flex\">\n<div class=\"wp-block-column is-layout-flow wp-block-column-is-layout-flow\">\n<h2 class=\"wp-block-heading\">Com funciona el servei.<\/h2>\n\n\n\n<p>Llame al tel\u00e9fono de aver\u00edas <a href=\"tel:682863245\">6<\/a>03 623 762 y le daremos cita inmediata con el t\u00e9cnico m\u00e1s cercano a su ubicaci\u00f3n.<\/p>\n\n\n\n<p>La reparaci\u00f3 es realitza al domicili del client.<\/p>\n\n\n\n<h2 class=\"wp-block-heading\">Tarifes<\/h2>\n\n\n\n<p>Despla\u00e7ament: Des de 0\u20ac, si es fa la reparaci\u00f3.<\/p>\n\n\n\n<p>Mano de obra m\u00e1s el coste de las piezas y recambios<br\/>requeridos. <\/p>\n\n\n\n    <h2>\n        Avaries m\u00e9s freq\u00fcents    <\/h2>\n    <p>\n        No enc\u00e9n<br>Fa sorolls extranys<br>D\u00f3na algun\u00a0error<br>    <\/p>\n\n<\/div>\n\n\n\n<div class=\"wp-block-column is-layout-flow wp-block-column-is-layout-flow\">\n<h2 class=\"wp-block-heading\">Per qu\u00e8 escollir ServeiTecnicOficial.es?<\/h2>\n\n\n\n<ul class=\"wp-block-list fa-bullets\">\n<li>Servicio t\u00e9cnico especializado.<\/li>\n\n\n\n<li>Garant\u00eda por escrito en todas nuestras reparaciones.<\/li>\n\n\n\n<li>Servicio urgente.<\/li>\n\n\n\n<li>Precios muy competitivos, ofreci\u00e9ndole una gran relaci\u00f3n calidad precio.<\/li>\n\n\n\n<li>Hable directamente con los t\u00e9cnicos.<\/li>\n\n\n\n<li>Servicio t\u00e9cnico de reparaci\u00f3n, revisi\u00f3n y mantenimiento a domicilio. Nuestros t\u00e9cnicos acudir\u00e1n d\u00f3nde nos indique. <\/li>\n\n\n\n<li>T\u00e9cnicos de confianza que, adem\u00e1s de reparar su aver\u00eda, le podr\u00e1n asesorar sobre el mantenimiento y cuidado de su aparato para que le dure mucho m\u00e1s.<\/li>\n<\/ul>\n<\/div>\n<\/div>\n\n<h2 class=\"wp-block-heading has-text-align-center\"><strong>COMPROM\u00cdS I QUALITAT GARANTITS<\/strong><\/h2>\n","protected":false},"excerpt":{"rendered":"<p>Servei t\u00e8cnic PIDA CITA INMEDIATA 603 623 762 Servei d&#8217;Assist\u00e8ncia T\u00e8cnica SAT Servei t\u00e8cnic a Barcelona. T\u00e9cnicos cualificados y especialistas.Satisfacci\u00f3n garantizada con el mejor servicio al cliente. Truqui ara, parli amb un t\u00e8cnic i demani cita. Com funciona el servei. Llame al tel\u00e9fono de aver\u00edas 603 623 762 y le daremos cita inmediata con el [&hellip;]<\/p>\n","protected":false},"author":1,"featured_media":0,"parent":0,"menu_order":0,"comment_status":"closed","ping_status":"closed","template":"","meta":{"footnotes":""},"class_list":["post-458","page","type-page","status-publish","hentry"],"acf":[],"_links":{"self":[{"href":"https:\/\/serveitecnicoficial.es\/ca\/wp-json\/wp\/v2\/pages\/458","targetHints":{"allow":["GET"]}}],"collection":[{"href":"https:\/\/serveitecnicoficial.es\/ca\/wp-json\/wp\/v2\/pages"}],"about":[{"href":"https:\/\/serveitecnicoficial.es\/ca\/wp-json\/wp\/v2\/types\/page"}],"author":[{"embeddable":true,"href":"https:\/\/serveitecnicoficial.es\/ca\/wp-json\/wp\/v2\/users\/1"}],"replies":[{"embeddable":true,"href":"https:\/\/serveitecnicoficial.es\/ca\/wp-json\/wp\/v2\/comments?post=458"}],"version-history":[{"count":50,"href":"https:\/\/serveitecnicoficial.es\/ca\/wp-json\/wp\/v2\/pages\/458\/revisions"}],"predecessor-version":[{"id":819,"href":"https:\/\/serveitecnicoficial.es\/ca\/wp-json\/wp\/v2\/pages\/458\/revisions\/819"}],"wp:attachment":[{"href":"https:\/\/serveitecnicoficial.es\/ca\/wp-json\/wp\/v2\/media?parent=458"}],"curies":[{"name":"wp","href":"https:\/\/api.w.org\/{rel}","templated":true}]}}